{"id":177,"date":"2016-03-16T20:14:19","date_gmt":"2016-03-16T19:14:19","guid":{"rendered":"http:\/\/smsrodula.pl\/smsrodula.pl\/_____nowa\/?page_id=177"},"modified":"2022-05-04T11:17:24","modified_gmt":"2022-05-04T09:17:24","slug":"zarzad-spoldzielni","status":"publish","type":"page","link":"https:\/\/smsrodula.pl\/smsrodula.pl\/zarzad-spoldzielni\/","title":{"rendered":"ZARZ\u0104D SP\u00d3\u0141DZIELNI"},"content":{"rendered":"","protected":false},"excerpt":{"rendered":"","protected":false},"author":1,"featured_media":0,"parent":0,"menu_order":0,"comment_status":"closed","ping_status":"closed","template":"","meta":{"footnotes":""},"_links":{"self":[{"href":"https:\/\/smsrodula.pl\/smsrodula.pl\/wp-json\/wp\/v2\/pages\/177"}],"collection":[{"href":"https:\/\/smsrodula.pl\/smsrodula.pl\/wp-json\/wp\/v2\/pages"}],"about":[{"href":"https:\/\/smsrodula.pl\/smsrodula.pl\/wp-json\/wp\/v2\/types\/page"}],"author":[{"embeddable":true,"href":"https:\/\/smsrodula.pl\/smsrodula.pl\/wp-json\/wp\/v2\/users\/1"}],"replies":[{"embeddable":true,"href":"https:\/\/smsrodula.pl\/smsrodula.pl\/wp-json\/wp\/v2\/comments?post=177"}],"version-history":[{"count":2,"href":"https:\/\/smsrodula.pl\/smsrodula.pl\/wp-json\/wp\/v2\/pages\/177\/revisions"}],"predecessor-version":[{"id":180,"href":"https:\/\/smsrodula.pl\/smsrodula.pl\/wp-json\/wp\/v2\/pages\/177\/revisions\/180"}],"wp:attachment":[{"href":"https:\/\/smsrodula.pl\/smsrodula.pl\/wp-json\/wp\/v2\/media?parent=177"}],"curies":[{"name":"wp","href":"https:\/\/api.w.org\/{rel}","templated":true}]}}